{"id":25600,"date":"2024-06-10T07:50:44","date_gmt":"2024-06-10T07:50:44","guid":{"rendered":"https:\/\/realcounterfeitmoney.com\/?post_type=product&#038;p=25600"},"modified":"2026-02-09T11:16:42","modified_gmt":"2026-02-09T11:16:42","slug":"buy-counterfeit-200-euro","status":"publish","type":"product","link":"https:\/\/realcounterfeitmoney.com\/de_ch\/produkt\/buy-counterfeit-200-euro\/","title":{"rendered":"Buy Counterfeit 200 Euro"},"content":{"rendered":"<div class=\"elementor-element elementor-element-92cc631 e-flex e-con-boxed e-con e-parent\" data-id=\"92cc631\" data-element_type=\"container\" data-settings=\"{&quot;content_width&quot;:&quot;boxed&quot;}\" data-core-v316-plus=\"true\">\n<div class=\"e-con-inner\">\n<div class=\"elementor-element elementor-element-544d8a0 elementor-widget elementor-widget-heading\" data-id=\"544d8a0\" data-element_type=\"widget\" data-widget_type=\"heading.default\">\n<div class=\"elementor-widget-container\">\n<h1 class=\"elementor-heading-title elementor-size-default\">Valse biljetten van 200 euro te koop | Koop valse euro&#8217;s online | Koop valse euro&#8217;s<\/h1>\n<\/div>\n<\/div>\n<div class=\"elementor-element elementor-element-a3de18c elementor-widget elementor-widget-image\" data-id=\"a3de18c\" data-element_type=\"widget\" data-widget_type=\"image.default\">\n<div class=\"elementor-widget-container\"><img loading=\"lazy\" decoding=\"async\" class=\"attachment-full size-full wp-image-1493\" src=\"https:\/\/legalcounterfeitnote.com\/wp-content\/uploads\/2024\/05\/iStock-1147043020.jpg\" sizes=\"(max-width: 2121px) 100vw, 2121px\" srcset=\"https:\/\/legalcounterfeitnote.com\/wp-content\/uploads\/2024\/05\/iStock-1147043020.jpg 2121w, https:\/\/legalcounterfeitnote.com\/wp-content\/uploads\/2024\/05\/iStock-1147043020-300x200.jpg 300w, https:\/\/legalcounterfeitnote.com\/wp-content\/uploads\/2024\/05\/iStock-1147043020-1024x683.jpg 1024w, https:\/\/legalcounterfeitnote.com\/wp-content\/uploads\/2024\/05\/iStock-1147043020-768x512.jpg 768w, https:\/\/legalcounterfeitnote.com\/wp-content\/uploads\/2024\/05\/iStock-1147043020-1536x1024.jpg 1536w, https:\/\/legalcounterfeitnote.com\/wp-content\/uploads\/2024\/05\/iStock-1147043020-2048x1365.jpg 2048w\" alt=\"Buy Fake Euro Online: real-Looking Counterfeits Euro | LegalCounterfeitNote.com\" width=\"2121\" height=\"1414\" \/><\/div>\n<\/div>\n<div class=\"elementor-element elementor-element-51517b9 elementor-widget elementor-widget-text-editor\" data-id=\"51517b9\" data-element_type=\"widget\" data-widget_type=\"text-editor.default\">\n<div class=\"elementor-widget-container\">\n<p>Waar valse euro&#8217;s kopen | Verkoper van valse eurobiljetten | Valsgeld 200 euro detectie | Zwarte markt euro |Replica bankbiljetten van 200 euro | Niet-detecteerbare valse euro&#8217;s | Valse valutahandelaren | Valse euro&#8217;s van hoge kwaliteit | Valsgeldmarkt | Koop vervalsing van eurobiljetten online<\/p>\n<p>Ervaar het toppunt van authenticiteit met Legal Counterfeit Note.com, uw belangrijkste bestemming voor het online kopen van authentieke valse eurobiljetten in Europa. Als de beste leverancier van valse euro&#8217;s, gevestigd in Californi\u00eb, VS, met meer dan 15 jaar ervaring en een personeelsbestand van meer dan 410 werknemers, zijn wij toegewijd aan het leveren van valse euro&#8217;s van de hoogste kwaliteit aan <a href=\"https:\/\/realcounterfeitmoney.com\/de_ch\/\">Europese landen<\/a>.<\/p>\n<p>Alleen al vorig jaar hebben we miljarden valse euro&#8217;s gedrukt met behulp van de meest geavanceerde en realistische chemicali\u00ebn en technologie om ervoor te zorgen dat onze valse euro zeer goed scanbaar en niet-detecteerbaar is. Onze eurobiljetten doorstaan \u200b\u200balle UV-tests en zijn perfect voor verschillende doeleinden: van financi\u00eble transacties tot films, clubs, restaurants, educatieve activiteiten en meer.<\/p>\n<p>We leveren aan landen die eurobiljetten gebruiken, waaronder Duitsland, Frankrijk, Itali\u00eb, Spanje, Nederland, Belgi\u00eb, Oostenrijk en Portugal. Met een trackrecord van uitmuntendheid en geweldige klantenservice.<\/p>\n<\/div>\n<\/div>\n<div class=\"elementor-element elementor-element-2f1356d elementor-widget elementor-widget-heading\" data-id=\"2f1356d\" data-element_type=\"widget\" data-widget_type=\"heading.default\">\n<div class=\"elementor-widget-container\">\n<h2 class=\"elementor-heading-title elementor-size-default\">Koop 100% realistische valse biljetten van \u20ac5, \u20ac10, \u20ac20, \u20ac50, \u20ac100, \u20ac200 online | Meest betrouwbare leverancier van valse eurobiljetten online<\/h2>\n<\/div>\n<\/div>\n<div class=\"elementor-element elementor-element-167d28b elementor-widget elementor-widget-image\" data-id=\"167d28b\" data-element_type=\"widget\" data-widget_type=\"image.default\">\n<div class=\"elementor-widget-container\"><img loading=\"lazy\" decoding=\"async\" class=\"attachment-full size-full wp-image-1498\" src=\"https:\/\/legalcounterfeitnote.com\/wp-content\/uploads\/2024\/05\/iStock-1404212832.jpg\" sizes=\"(max-width: 2263px) 100vw, 2263px\" srcset=\"https:\/\/legalcounterfeitnote.com\/wp-content\/uploads\/2024\/05\/iStock-1404212832.jpg 2263w, https:\/\/legalcounterfeitnote.com\/wp-content\/uploads\/2024\/05\/iStock-1404212832-300x176.jpg 300w, https:\/\/legalcounterfeitnote.com\/wp-content\/uploads\/2024\/05\/iStock-1404212832-1024x600.jpg 1024w, https:\/\/legalcounterfeitnote.com\/wp-content\/uploads\/2024\/05\/iStock-1404212832-768x450.jpg 768w, https:\/\/legalcounterfeitnote.com\/wp-content\/uploads\/2024\/05\/iStock-1404212832-1536x899.jpg 1536w, https:\/\/legalcounterfeitnote.com\/wp-content\/uploads\/2024\/05\/iStock-1404212832-2048x1199.jpg 2048w\" alt=\"Buy Authentic and Fake Counterfeit Euro Banknotes Online at LegalCounterfeitNote.com\" width=\"2263\" height=\"1325\" \/><\/div>\n<\/div>\n<div class=\"elementor-element elementor-element-cc69a56 elementor-widget elementor-widget-text-editor\" data-id=\"cc69a56\" data-element_type=\"widget\" data-widget_type=\"text-editor.default\">\n<div class=\"elementor-widget-container\">\n<p>Wanneer u ervoor kiest om online valse eurobiljetten bij ons te kopen, investeert u in een onge\u00ebvenaarde collectie zorgvuldig ontworpen bankbiljetten. Ons aanbod omvat biljetten van 100 euro, biljetten van 20 euro, 10 euro, 5 euro en 200 euro, allemaal zorgvuldig vervaardigd om direct klaar te zijn voor gebruik en scanbaar voor extra gemak.<\/p>\n<p>De materiaalsamenstelling, bestaande uit 100% puur katoen voor het papier en een veiligheidsdraad van 25% linnen en 75% katoen, garandeert niet alleen duurzaamheid en sterkte, maar ook slijtvastheid.<\/p>\n<h3>Koop valse biljetten van 200 euro | Valse leveranciers van eurovaluta<\/h3>\n<p>Onze valse euro is perfect voor particulieren in landen die de euro als offici\u00eble munteenheid gebruiken, waaronder Oostenrijk, Belgi\u00eb, Cyprus, Estland, Finland, Frankrijk, Duitsland, Griekenland, Ierland, Itali\u00eb, Letland, Litouwen, Luxemburg, Malta en Nederland , Portugal, <a href=\"https:\/\/denvermagicmushroomdispensary.com\/\">Slowakije<\/a> en Sloveni\u00eb. Ontdek vandaag nog ons uitgebreide assortiment niet-detecteerbare valse eurovaluta en ervaar de gemoedsrust die u krijgt als u weet dat u met een vertrouwde en gerenommeerde aanbieder te maken heeft.<\/p>\n<h2>Productie van ons vals geld | Koop valse euro&#8217;s online<\/h2>\n<div>\n<p>Het productieproces van onze valse eurobankbiljetten omvat verschillende stappen. Eerst worden katoenvezels gemengd met water om een \u200b\u200bpulp te vormen, die vervolgens wordt geperst en gedroogd tot kleine velletjes papier. Om de duurzaamheid te garanderen, wordt een beschermlaag aangebracht.<\/p>\n<p>Als u online valse euro\u2019s wilt kopen, bent u hier aan het juiste adres. Vervolgens wordt tijdens de productie een veiligheidsdraad van polyesterfilm met microprint en een holografische strook in het papier verwerkt.<\/p>\n<p>Zodra het papier klaar is, ondergaat het een afdrukproces om beveiligingskenmerken toe te voegen, zoals watermerken, hologrammen, verhoogde afdrukken en speciale inkten die van kleur veranderen wanneer ze worden bekeken vanaf verschillende scanners voor geld.<\/p>\n<h3>Koop valse euro&#8217;s online en verander uw leven ten goede<\/h3>\n<\/div>\n<div>Geld is een eindige hulpbron, en soms verlangen we ernaar dat het uit het niets ontstaat. Hoewel prestatie hard werken vergt, bestaat er een alternatieve route naar financi\u00eble stabiliteit.<br \/>\nOns platform biedt de mogelijkheid om valse eurobiljetten te kopen die een opvallende gelijkenis vertonen met authentieke eurobiljetten, van 20 euro, 100 euro, 200 euro en 500 euro. Dankzij onze service behoudt u de autonomie om toezicht te houden op uw uitgaven en naar eigen goeddunken te genieten.<\/div>\n<\/div>\n<\/div>\n<\/div>\n<\/div>\n<div class=\"elementor-element elementor-element-47d8763 e-flex e-con-boxed e-con e-parent\" data-id=\"47d8763\" data-element_type=\"container\" data-settings=\"{&quot;content_width&quot;:&quot;boxed&quot;}\" data-core-v316-plus=\"true\">\n<div class=\"e-con-inner\">\n<div class=\"elementor-element elementor-element-2b58662 elementor-widget elementor-widget-heading\" data-id=\"2b58662\" data-element_type=\"widget\" data-widget_type=\"heading.default\">\n<div class=\"elementor-widget-container\">\n<h2 class=\"elementor-heading-title elementor-size-default\">Waarom vertrouwen op echt vals geld voor niet-detecteerbare eurobiljetten van hoge kwaliteit?<\/h2>\n<\/div>\n<\/div>\n<div class=\"elementor-element elementor-element-fd48b32 elementor-widget elementor-widget-text-editor\" data-id=\"fd48b32\" data-element_type=\"widget\" data-widget_type=\"text-editor.default\">\n<div class=\"elementor-widget-container\">\n<ul>\n<li>Bij Real Counterfeit Money zijn we er trots op dat we uw vertrouwde bron zijn voor niet-detecteerbare eurobiljetten van topkwaliteit. Onze toewijding aan uitmuntendheid is onwrikbaar, omdat we elk eurobiljet nauwgezet tot in de perfectie vervaardigen, zodat we ervoor zorgen dat ze vrijwel niet van echt geld te onderscheiden zijn. Met discrete bezorgopties kunt u erop vertrouwen dat uw bestelling veilig aankomt, waarbij uw privacy gedurende het hele proces behouden blijft.<\/li>\n<li>Als authentieke leverancier houden wij ons aan de hoogste normen van kwaliteit en betrouwbaarheid en zorgen wij voor schone en realistische rekeningen die elke keer weer aan uw verwachtingen voldoen. Geloof ons niet alleen op ons woord; onze uitstekende klantbeoordelingen spreken boekdelen over onze toewijding aan klanttevredenheid. Sluit u aan bij talloze tevreden klanten over de hele wereld en ervaar waarom Echt Vals Geld wereldwijd wordt erkend als de beste distributeur van vals eurogeld. Vertrouw op Real Vals Geld voor al uw behoeften op het gebied van valse valuta en ervaar het vertrouwen en de gemoedsrust die gepaard gaat met zakendoen met de toonaangevende aanbieder in de sector. . #counterfeitcurrency #<a href=\"https:\/\/realcounterfeitmoney.com\/de_ch\/produkt\/counterfeit-100-euro-bills\/\">eurobills<\/a> #<a href=\"https:\/\/realcounterfeitmoney.com\/de_ch\/\">undetectablemoney<\/a> #t<a href=\"https:\/\/realcounterfeitmoney.com\/de_ch\/shop\/\">rustedsupplier<\/a><\/li>\n<\/ul>\n<h2>Niet van elkaar te onderscheiden valse euro&#8217;s te koop | Valse eurobankbiljetten online<\/h2>\n<p>Met trots presenteren wij onze collectie niet van elkaar te onderscheiden euro&#8217;s, gerepliceerd om de hoogste normen van authenticiteit te weerspiegelen die in de EU zijn aangenomen. Onze inzet strekt zich uit tot de essentie van wat de verkoop van valse euro\u2019s onmiskenbaar maakt. Van de kristalheldere details van de watermerken tot de fijne textuur van het papier: elk element is onopgemerkt en garandeert u de superieure kwaliteit.<\/p>\n<p>Om deze kwaliteit te bereiken, gebruiken we printtechnieken die gebruikelijk zijn bij financi\u00eble instellingen en gebruiken we hoogwaardige cellulose- en katoenmaterialen. Het resultaat is het eurobiljet dat een onberispelijke replica is. Het kan de strijd aangaan met zijn legitieme tegenhangers van de EUR, en laat geen ruimte voor twijfel.<\/p>\n<h2>Valse eurobankbiljetten die de tests goed doorstaan \u200b\u200b| Koop valse biljetten van 200 euro<\/h2>\n<p>De gemoedsrust van onze klanten is de hoeksteen van onze activiteiten hier bij <a href=\"https:\/\/realcounterfeitmoney.com\/de_ch\/\">Undetected Bank Notes<\/a>. Om dit te rechtvaardigen, investeren we zwaar in het onfeilbaar maken van onze EUR aan de meest rigoureuze tests, waaronder de gerenommeerde pen en geavanceerde authenticatiemethoden. Met een slagingspercentage van 95% op deze tests heeft ons valse eurogeld er nog nooit toe geleid dat iemand in de problemen is gekomen.<\/p>\n<p>Onze euro&#8217;s zijn ontworpen om vertrouwen te wekken, of u nu doorgaat met routinematige transacties of te maken heeft met verhoogde veiligheidsmaatregelen. Ervaar de gemoedsrust die gepaard gaat met het naadloos opgaan in elke financi\u00eble omgeving, zonder last van de angst voor blootstelling in Europa of andere landen.<\/p>\n<h2>Perfect voor allerlei soorten transacties | Koop valse biljetten van 200 euro<\/h2>\n<p>Verkrijg identiek EUR-contant geld dat meer vertegenwoordigt dan alleen valuta. Het is een hulpmiddel bij uitstek voor empowerment, van dagelijkse aankopen tot onopvallende transacties. Onze valse euro\u2019s die te koop zijn, kunnen dienen als een betrouwbaar medium om door de complexiteit van het moderne leven te navigeren. Of u zich nu overgeeft aan luxe of gewoon uw routine volgt, ons EUR-contant geld heeft geen enkele kans om problemen te veroorzaken.<\/p>\n<p>Mis het gemak en de flexibiliteit die onze vervalsingen bieden voor uw financi\u00eble inspanningen niet. Verhoog uw transacties voor kleine en grote aankopen!<\/p>\n<h2>Koop namaak 200 euro met gratis discrete verzending | Valse eurovaluta te koop<\/h2>\n<p>Om de kracht van niet te onderscheiden euro&#8217;s in uw handen te ontdekken, moet u uw bestelling alleen afronden bij Undetected Bank Notes. Het proces is veilig voor ons allemaal en omvat stappen waarbij uw persoonlijke of financi\u00eble gegevens niet openbaar worden gemaakt. Bovendien kunt u genieten van de extra stimulans van gratis verzending bij bestellingen van meer dan $500.<\/p>\n<p>Euro\u2019s kopen is een kwestie van minuten. Maar als je ze in overvloed tot je beschikking hebt, is het een kwestie van je leven ten goede veranderen.<\/p>\n<div><\/div>\n<\/div>\n<\/div>\n<\/div>\n<\/div>","protected":false},"excerpt":{"rendered":"<p>Valse biljetten van 200 euro te koop | Koop valse euro&#8217;s online | Koop valse euro&#8217;s Waar valse euro&#8217;s kopen | Verkoper van valse eurobiljetten | Valsgeld 200 euro detectie | Zwarte markt euro |Replica bankbiljetten van 200 euro | Niet-detecteerbare valse euro&#8217;s | Valse valutahandelaren | Valse euro&#8217;s van hoge kwaliteit | Valsgeldmarkt | [&#8230;]","protected":false},"featured_media":25601,"comment_status":"open","ping_status":"closed","template":"","meta":{"_joinchat":[]},"product_cat":[15],"product_tag":[],"yoast_head":"<!-- This site is optimized with the Yoast SEO plugin v21.3 - https:\/\/yoast.com\/wordpress\/plugins\/seo\/ -->\n<title>Koop namaak 200 euro Online | Valse bankbiljetten te koop - Buy Real Counterfeit Money<\/title>\n<meta name=\"description\" content=\"Ontdek het gemak van Koop Namaak 200 Euro online. Koop uit een breed scala aan valse eurobiljetten en geniet van een snelle, betrouwbare en discrete levering\" \/>\n<meta name=\"robots\" content=\"index, follow, max-snippet:-1, max-image-preview:large, max-video-preview:-1\" \/>\n<link rel=\"canonical\" href=\"https:\/\/realcounterfeitmoney.com\/de_ch\/produkt\/buy-counterfeit-200-euro\/\" \/>\n<meta property=\"og:locale\" content=\"de_DE\" \/>\n<meta property=\"og:type\" content=\"article\" \/>\n<meta property=\"og:title\" content=\"Koop namaak 200 euro Online | Valse bankbiljetten te koop - Buy Real Counterfeit Money\" \/>\n<meta property=\"og:description\" content=\"Ontdek het gemak van Koop Namaak 200 Euro online. Koop uit een breed scala aan valse eurobiljetten en geniet van een snelle, betrouwbare en discrete levering\" \/>\n<meta property=\"og:url\" content=\"https:\/\/realcounterfeitmoney.com\/de_ch\/produkt\/buy-counterfeit-200-euro\/\" \/>\n<meta property=\"og:site_name\" content=\"Buy Real Counterfeit Money\" \/>\n<meta property=\"article:modified_time\" content=\"2026-02-09T11:16:42+00:00\" \/>\n<meta property=\"og:image\" content=\"https:\/\/realcounterfeitmoney.com\/wp-content\/uploads\/2024\/06\/00ECB_Shooting2018_look_1123_lying-bills_emerald-number_100_200EUR.jpg\" \/>\n\t<meta property=\"og:image:width\" content=\"1021\" \/>\n\t<meta property=\"og:image:height\" content=\"680\" \/>\n\t<meta property=\"og:image:type\" content=\"image\/jpeg\" \/>\n<meta name=\"twitter:card\" content=\"summary_large_image\" \/>\n<meta name=\"twitter:label1\" content=\"Gesch\u00e4tzte Lesezeit\" \/>\n\t<meta name=\"twitter:data1\" content=\"6 Minuten\" \/>\n<script type=\"application\/ld+json\" class=\"yoast-schema-graph\">{\"@context\":\"https:\/\/schema.org\",\"@graph\":[{\"@type\":\"WebPage\",\"@id\":\"https:\/\/realcounterfeitmoney.com\/product\/buy-counterfeit-200-euro\/\",\"url\":\"https:\/\/realcounterfeitmoney.com\/product\/buy-counterfeit-200-euro\/\",\"name\":\"Koop namaak 200 euro Online | Valse bankbiljetten te koop - Buy Real Counterfeit Money\",\"isPartOf\":{\"@id\":\"https:\/\/realcounterfeitmoney.com\/#website\"},\"datePublished\":\"2024-06-10T07:50:44+00:00\",\"dateModified\":\"2026-02-09T11:16:42+00:00\",\"description\":\"Ontdek het gemak van Koop Namaak 200 Euro online. Koop uit een breed scala aan valse eurobiljetten en geniet van een snelle, betrouwbare en discrete levering\",\"breadcrumb\":{\"@id\":\"https:\/\/realcounterfeitmoney.com\/product\/buy-counterfeit-200-euro\/#breadcrumb\"},\"inLanguage\":\"de-CH\",\"potentialAction\":[{\"@type\":\"ReadAction\",\"target\":[\"https:\/\/realcounterfeitmoney.com\/product\/buy-counterfeit-200-euro\/\"]}]},{\"@type\":\"BreadcrumbList\",\"@id\":\"https:\/\/realcounterfeitmoney.com\/product\/buy-counterfeit-200-euro\/#breadcrumb\",\"itemListElement\":[{\"@type\":\"ListItem\",\"position\":1,\"name\":\"Home\",\"item\":\"https:\/\/realcounterfeitmoney.com\/\"},{\"@type\":\"ListItem\",\"position\":2,\"name\":\"Shop\",\"item\":\"https:\/\/realcounterfeitmoney.com\/shop\/\"},{\"@type\":\"ListItem\",\"position\":3,\"name\":\"Buy Counterfeit 200 Euro\"}]},{\"@type\":\"WebSite\",\"@id\":\"https:\/\/realcounterfeitmoney.com\/#website\",\"url\":\"https:\/\/realcounterfeitmoney.com\/\",\"name\":\"Buy Real Counterfeit Money\",\"description\":\"\",\"publisher\":{\"@id\":\"https:\/\/realcounterfeitmoney.com\/#organization\"},\"potentialAction\":[{\"@type\":\"SearchAction\",\"target\":{\"@type\":\"EntryPoint\",\"urlTemplate\":\"https:\/\/realcounterfeitmoney.com\/?s={search_term_string}\"},\"query-input\":\"required name=search_term_string\"}],\"inLanguage\":\"de-CH\"},{\"@type\":\"Organization\",\"@id\":\"https:\/\/realcounterfeitmoney.com\/#organization\",\"name\":\"Buy Real Counterfeit Money\",\"url\":\"https:\/\/realcounterfeitmoney.com\/\",\"logo\":{\"@type\":\"ImageObject\",\"inLanguage\":\"de-CH\",\"@id\":\"https:\/\/realcounterfeitmoney.com\/#\/schema\/logo\/image\/\",\"url\":\"https:\/\/realcounterfeitmoney.com\/wp-content\/uploads\/2019\/06\/learn-dash-white-logo.svg\",\"contentUrl\":\"https:\/\/realcounterfeitmoney.com\/wp-content\/uploads\/2019\/06\/learn-dash-white-logo.svg\",\"caption\":\"Buy Real Counterfeit Money\"},\"image\":{\"@id\":\"https:\/\/realcounterfeitmoney.com\/#\/schema\/logo\/image\/\"}}]}<\/script>\n<!-- \/ Yoast SEO plugin. -->","yoast_head_json":{"title":"Koop namaak 200 euro Online | Valse bankbiljetten te koop - Buy Real Counterfeit Money","description":"Ontdek het gemak van Koop Namaak 200 Euro online. Koop uit een breed scala aan valse eurobiljetten en geniet van een snelle, betrouwbare en discrete levering","robots":{"index":"index","follow":"follow","max-snippet":"max-snippet:-1","max-image-preview":"max-image-preview:large","max-video-preview":"max-video-preview:-1"},"canonical":"https:\/\/realcounterfeitmoney.com\/de_ch\/produkt\/buy-counterfeit-200-euro\/","og_locale":"de_DE","og_type":"article","og_title":"Koop namaak 200 euro Online | Valse bankbiljetten te koop - Buy Real Counterfeit Money","og_description":"Ontdek het gemak van Koop Namaak 200 Euro online. Koop uit een breed scala aan valse eurobiljetten en geniet van een snelle, betrouwbare en discrete levering","og_url":"https:\/\/realcounterfeitmoney.com\/de_ch\/produkt\/buy-counterfeit-200-euro\/","og_site_name":"Buy Real Counterfeit Money","article_modified_time":"2026-02-09T11:16:42+00:00","og_image":[{"width":1021,"height":680,"url":"https:\/\/realcounterfeitmoney.com\/wp-content\/uploads\/2024\/06\/00ECB_Shooting2018_look_1123_lying-bills_emerald-number_100_200EUR.jpg","type":"image\/jpeg"}],"twitter_card":"summary_large_image","twitter_misc":{"Gesch\u00e4tzte Lesezeit":"6 Minuten"},"schema":{"@context":"https:\/\/schema.org","@graph":[{"@type":"WebPage","@id":"https:\/\/realcounterfeitmoney.com\/product\/buy-counterfeit-200-euro\/","url":"https:\/\/realcounterfeitmoney.com\/product\/buy-counterfeit-200-euro\/","name":"Koop namaak 200 euro Online | Valse bankbiljetten te koop - Buy Real Counterfeit Money","isPartOf":{"@id":"https:\/\/realcounterfeitmoney.com\/#website"},"datePublished":"2024-06-10T07:50:44+00:00","dateModified":"2026-02-09T11:16:42+00:00","description":"Ontdek het gemak van Koop Namaak 200 Euro online. Koop uit een breed scala aan valse eurobiljetten en geniet van een snelle, betrouwbare en discrete levering","breadcrumb":{"@id":"https:\/\/realcounterfeitmoney.com\/product\/buy-counterfeit-200-euro\/#breadcrumb"},"inLanguage":"de-CH","potentialAction":[{"@type":"ReadAction","target":["https:\/\/realcounterfeitmoney.com\/product\/buy-counterfeit-200-euro\/"]}]},{"@type":"BreadcrumbList","@id":"https:\/\/realcounterfeitmoney.com\/product\/buy-counterfeit-200-euro\/#breadcrumb","itemListElement":[{"@type":"ListItem","position":1,"name":"Home","item":"https:\/\/realcounterfeitmoney.com\/"},{"@type":"ListItem","position":2,"name":"Shop","item":"https:\/\/realcounterfeitmoney.com\/shop\/"},{"@type":"ListItem","position":3,"name":"Buy Counterfeit 200 Euro"}]},{"@type":"WebSite","@id":"https:\/\/realcounterfeitmoney.com\/#website","url":"https:\/\/realcounterfeitmoney.com\/","name":"Buy Real Counterfeit Money","description":"","publisher":{"@id":"https:\/\/realcounterfeitmoney.com\/#organization"},"potentialAction":[{"@type":"SearchAction","target":{"@type":"EntryPoint","urlTemplate":"https:\/\/realcounterfeitmoney.com\/?s={search_term_string}"},"query-input":"required name=search_term_string"}],"inLanguage":"de-CH"},{"@type":"Organization","@id":"https:\/\/realcounterfeitmoney.com\/#organization","name":"Buy Real Counterfeit Money","url":"https:\/\/realcounterfeitmoney.com\/","logo":{"@type":"ImageObject","inLanguage":"de-CH","@id":"https:\/\/realcounterfeitmoney.com\/#\/schema\/logo\/image\/","url":"https:\/\/realcounterfeitmoney.com\/wp-content\/uploads\/2019\/06\/learn-dash-white-logo.svg","contentUrl":"https:\/\/realcounterfeitmoney.com\/wp-content\/uploads\/2019\/06\/learn-dash-white-logo.svg","caption":"Buy Real Counterfeit Money"},"image":{"@id":"https:\/\/realcounterfeitmoney.com\/#\/schema\/logo\/image\/"}}]}},"_links":{"self":[{"href":"https:\/\/realcounterfeitmoney.com\/de_ch\/wp-json\/wp\/v2\/product\/25600"}],"collection":[{"href":"https:\/\/realcounterfeitmoney.com\/de_ch\/wp-json\/wp\/v2\/product"}],"about":[{"href":"https:\/\/realcounterfeitmoney.com\/de_ch\/wp-json\/wp\/v2\/types\/product"}],"replies":[{"embeddable":true,"href":"https:\/\/realcounterfeitmoney.com\/de_ch\/wp-json\/wp\/v2\/comments?post=25600"}],"wp:featuredmedia":[{"embeddable":true,"href":"https:\/\/realcounterfeitmoney.com\/de_ch\/wp-json\/wp\/v2\/media\/25601"}],"wp:attachment":[{"href":"https:\/\/realcounterfeitmoney.com\/de_ch\/wp-json\/wp\/v2\/media?parent=25600"}],"wp:term":[{"taxonomy":"product_cat","embeddable":true,"href":"https:\/\/realcounterfeitmoney.com\/de_ch\/wp-json\/wp\/v2\/product_cat?post=25600"},{"taxonomy":"product_tag","embeddable":true,"href":"https:\/\/realcounterfeitmoney.com\/de_ch\/wp-json\/wp\/v2\/product_tag?post=25600"}],"curies":[{"name":"wp","href":"https:\/\/api.w.org\/{rel}","templated":true}]}}