{"id":25688,"date":"2025-03-12T07:08:31","date_gmt":"2025-03-12T07:08:31","guid":{"rendered":"https:\/\/realcounterfeitmoney.com\/?post_type=product&#038;p=25688"},"modified":"2026-01-03T06:22:56","modified_gmt":"2026-01-03T06:22:56","slug":"geklonte-kreditkarten-zum-verkauf-2","status":"publish","type":"product","link":"https:\/\/realcounterfeitmoney.com\/fr\/produit\/geklonte-kreditkarten-zum-verkauf-2\/","title":{"rendered":"Geklonte Kreditkarten Zum Verkauf"},"content":{"rendered":"<h2>Buy Loaded Cloned Card Online Germany \u2013 Geladene Kreditkarten zu verkaufen<\/h2>\n<p>Wir stellen Geladene geklonte Karte online kaufen zum Verkauf, die f\u00fcr Transaktionen in der gleichen Weise wie eine Kreditkarte\u00a0<a href=\"https:\/\/clonedcardstoreusa.com\/\">verwende<\/a>t werden kann. Diese Karten sind mit Geld vorgeladen und funktionieren auf relativ einfache Art und Weise<a href=\"https:\/\/drillminds.com\/\">.<\/a>\u00a0Die Kunden k\u00f6nnen mit dem auf der aufgeladenen Karte verf\u00fcgbaren Guthaben einkaufen<a href=\"https:\/\/cannabisstorensw-au.com\/\">,<\/a>\u00a0im Gegensatz zu herk\u00f6mmlichen Kreditkarten, die mit einem von der Bank geliehenen Kredit arbeiten. Kaufen Sie geklonte Kreditkarten online. \u00c4hnlich wie bei Geschenkkarten k\u00f6nnen Eink\u00e4ufe get\u00e4tigt werden,\u00a0<a href=\"https:\/\/realcounterfeitmoney.com\/fr\/produit\/buy-counterfeit-australian-banknotes\/\">bis das<\/a>\u00a0Guthaben der Karte aufgebraucht ist<a href=\"https:\/\/austinmushroomdispensary.com\/\">.<\/a><\/p>\n<h3>Kaufen Sie geklonte Kreditkarten online<\/h3>\n<p>Der Hauptvorteil des Online-Kaufs einer aufgeladenen Kreditkarte besteht darin, dass die Kunden damit Eink\u00e4ufe t\u00e4tigen k\u00f6nnen, ohne sich zu\u00a0verschulden\u00a0oder hohe Zinsen zu zahlen. Ein weiterer Vorteil ist die Einhaltung des Limits, da die Eink\u00e4ufe auf den auf der Kreditkarte verf\u00fcgbaren Betrag begrenzt werden m\u00fcssen. Die Banken k\u00f6nnen eine\u00a0geringe\u00a0Ausgabegeb\u00fchr verlangen, wenn eine aufgeladene Kreditkarte angeboten wird, und die Kreditw\u00fcrdigkeit einer Person ist kein entscheidendes Kriterium f\u00fcr die Genehmigung der Karte. Prepaid-Kreditkarten hingegen erh\u00f6hen den CIBIL-Score einer Person nicht wesentlich.<\/p>\n<h2 id=\"h-what-is-card-cloning\">Was ist Kartenklonierung? | Klonierte Kreditkarten zum Verkauf<\/h2>\n<p>Klonierte Kreditkarten zum Verkauf Kreditkartenklonung oder Skimming ist der illegale Akt, bei dem unbefugte Kopien von Kredit- oder Debitkarten angefertigt werden. Dies erm\u00f6glicht es Kriminellen, sie f\u00fcr Zahlungen zu verwenden und damit effektiv das Geld des Karteninhabers zu stehlen und\/oder den Karteninhaber zu verschulden. Dazu nutzen Diebe spezielle Ger\u00e4te, die manchmal mit einfachem Social Engineering kombiniert werden. Kartenklonung war weltweit historisch eine der h\u00e4ufigsten Formen von Kartenbetrug, bei dem jedes Jahr weltweit 28,65 Milliarden US-Dollar verloren gehen und bis 2023 laut Nilson Report voraussichtlich auf 38,50 Milliarden US-Dollar steigen werden. Wie funktioniert die Kartenklonung? | Klonierte Kreditkarten zum Verkauf.<\/p>\n<h2 id=\"h-what-is-card-cloning\"><strong>Klonierte Kreditkarten zum Verkauf<\/strong><\/h2>\n<p>Klonierte Kreditkarten zum Verkauf sind ein potenziell lukratives Gesch\u00e4ft f\u00fcr kriminelle Elemente. Diese Karten werden mit gestohlenen oder <a href=\"https:\/\/realcounterfeitmoney.com\/fr\/produit\/buy-counterfeit-10-euro-bills\/\">verf\u00e4lschten Daten erstellt<\/a>, die in Kartenduplizierungsger\u00e4te eingegeben und auf Plastikkarten \u00fcbertragen werden. Die Kriminellen verkaufen dann die klonierte Karte weiter, um Bargeld abzuheben oder Waren und Dienstleistungen zu erwerben.<\/p>\n<h3>Bestellen Sie geklonte Karten online in Deutschland<\/h3>\n<p><strong>Die Kartenklonung ist ein recht aufw\u00e4ndiges kriminelles Vorhaben. Genauer gesagt:<\/strong><\/p>\n<p>Ein Komplize wird rekrutiert \u2013 jemand mit physischem Zugriff auf Kreditkarten, z. B. ein Kassierer, Restaurantmitarbeiter usw.<\/p>\n<p>Ihm wird ein Skimmer gegeben \u2013 eine kompakte Maschine, die zur Erfassung von Kartendetails verwendet wird. Dies kann entweder eine separate Maschine oder ein Anh\u00e4nger f\u00fcr das Kartenleseger\u00e4t sein.<\/p>\n<p>Der Kunde \u00fcbergibt dem Komplizen seine Karte als Zahlungsmittel.<\/p>\n<p>Der Komplize zieht die <a href=\"https:\/\/realcounterfeitmoney.com\/fr\/produit\/buy-counterfeit-10-euro-bills\/\">Karte durch<\/a> den Skimmer, zus\u00e4tzlich zum POS-Ger\u00e4t, das f\u00fcr normale Zahlungen verwendet wird.<\/p>\n<p>Der Komplize gibt dem ahnungslosen Kunden die Karte zur\u00fcck.<\/p>\n<h3>Kaufen Sie geklonte Karten online in Deutschland \u2013 Kaufen Sie geklonte Kreditkarten online<\/h3>\n<p>Der Dieb \u00fcbertr\u00e4gt die vom Skimmer erfassten Details auf den magnetischen Streifen einer gef\u00e4lschten Karte, die selbst gestohlen sein k\u00f6nnte.<\/p>\n<p>Die gef\u00e4lschte Karte kann nun auf die gleiche Weise wie eine legitime Karte verwendet werden oder f\u00fcr zus\u00e4tzlichen Betrug wie z. B. Geschenkkartenerstellung und andere Kartenvorg\u00e4nge.<\/p>\n<h3>Geklonte Kreditkarten zum Verkauf in Europa<\/h3>\n<p>Nat\u00fcrlich gibt es auch Variationen daf\u00fcr. Zum Beispiel befestigen einige Kriminelle Skimmer an Geldautomaten oder an tragbaren Kartenlesern. Solange ihre Benutzer die Karte wie gewohnt durchziehen oder eingeben und der Kriminelle das Ger\u00e4t abholen kann, bleibt das Ergebnis gleich: Das Durchziehen einer Kredit- oder Debitkarte durch die Skimmermaschine erfasst alle Informationen auf dem Magnetstreifen. Kaufen Sie geklonte Kreditkarten online<\/p>\n<h3><strong>Kaufen Sie geklonte Kreditkarten online<\/strong><\/h3>\n<p>Kaufen Sie geklonte Kreditkarten online. Mit unseren Dienstleistungen k\u00f6nnen Sie Kreditkarten erhalten, die gef\u00e4lschte oder gestohlene Kreditkartendaten enthalten, die mit einem bestimmten Namen und Adresse in Verbindung gebracht werden k\u00f6nnen.<\/p>\n<p>Kaufen Sie geklonte Debitkarten in Deutschland\u200b, klonen Sie Kreditkarten zum Verkauf\u200b Australien, kaufen Sie geklonte Kreditkarten online in Frankreich\u200b, geklonte Karten zum Verkauf\u200b Polen, bestellen Sie geklonte Kreditkarten \u200bSpanien, kaufen Sie gehackte vorinstallierte Debitkarten in den Niederlanden\u200b, geklonte Kreditkarten zum Verkauf\u200b Schweden, was sind Klonkarten? Italien, geklonte Debitkarten kaufen Gro\u00dfbritannien, geklonte Kreditkarten zum Verkauf Kanada, gehackte vorinstallierte Debitkarten kaufen Norwegen, gehackte Kreditkarten online kaufen Luxemburg, geklonte Kreditkarten online kaufen Irland, geklonte Kreditkarten kaufen Kreditkarten Finnland, geklonte Kreditkarten bestellen \u00d6sterreich, geklonte Karten zum Verkauf Schweiz, geklonte Karten kaufen Island, geklonte Karten online kaufen D\u00e4nemark, geklonte Kreditkarten kaufen Schweden, geklonte Kreditkarten online kaufen London, geklonte Debitkarten kaufen Karten Rum\u00e4nien, Klonkarten Belgien kaufen.<\/p>","protected":false},"excerpt":{"rendered":"<p>Buy Loaded Cloned Card Online Germany \u2013 Geladene Kreditkarten zu verkaufen Wir stellen Geladene geklonte Karte online kaufen zum Verkauf, die f\u00fcr Transaktionen in der gleichen Weise wie eine Kreditkarte\u00a0verwendet werden kann. Diese Karten sind mit Geld vorgeladen und funktionieren auf relativ einfache Art und Weise.\u00a0Die Kunden k\u00f6nnen mit dem auf der aufgeladenen Karte verf\u00fcgbaren [&#8230;]","protected":false},"featured_media":25680,"comment_status":"open","ping_status":"closed","template":"","meta":{"_joinchat":[]},"product_cat":[50],"product_tag":[44],"yoast_head":"<!-- This site is optimized with the Yoast SEO plugin v21.3 - https:\/\/yoast.com\/wordpress\/plugins\/seo\/ -->\n<title>Geklonte Kreditkarten Zum Verkauf<\/title>\n<meta name=\"description\" content=\"Geklonte Kreditkarten Zum Verkauf, Cloned Card, Kaufen Sie geklonte Kreditkarten online, Cloned Cards For Sale, Debit Card Cloning\" \/>\n<meta name=\"robots\" content=\"index, follow, max-snippet:-1, max-image-preview:large, max-video-preview:-1\" \/>\n<link rel=\"canonical\" href=\"https:\/\/realcounterfeitmoney.com\/fr\/produit\/geklonte-kreditkarten-zum-verkauf-2\/\" \/>\n<meta property=\"og:locale\" content=\"fr_FR\" \/>\n<meta property=\"og:type\" content=\"article\" \/>\n<meta property=\"og:title\" content=\"Geklonte Kreditkarten Zum Verkauf\" \/>\n<meta property=\"og:description\" content=\"Geklonte Kreditkarten Zum Verkauf, Cloned Card, Kaufen Sie geklonte Kreditkarten online, Cloned Cards For Sale, Debit Card Cloning\" \/>\n<meta property=\"og:url\" content=\"https:\/\/realcounterfeitmoney.com\/fr\/produit\/geklonte-kreditkarten-zum-verkauf-2\/\" \/>\n<meta property=\"og:site_name\" content=\"Buy Real Counterfeit Money\" \/>\n<meta property=\"article:modified_time\" content=\"2026-01-03T06:22:56+00:00\" \/>\n<meta property=\"og:image\" content=\"https:\/\/realcounterfeitmoney.com\/wp-content\/uploads\/2025\/03\/Buy-Cloned-Cards-Switzerland.jpg\" \/>\n\t<meta property=\"og:image:width\" content=\"1200\" \/>\n\t<meta property=\"og:image:height\" content=\"1600\" \/>\n\t<meta property=\"og:image:type\" content=\"image\/jpeg\" \/>\n<meta name=\"twitter:card\" content=\"summary_large_image\" \/>\n<meta name=\"twitter:label1\" content=\"Dur\u00e9e de lecture estim\u00e9e\" \/>\n\t<meta name=\"twitter:data1\" content=\"4 minutes\" \/>\n<script type=\"application\/ld+json\" class=\"yoast-schema-graph\">{\"@context\":\"https:\/\/schema.org\",\"@graph\":[{\"@type\":\"WebPage\",\"@id\":\"https:\/\/realcounterfeitmoney.com\/product\/geklonte-kreditkarten-zum-verkauf-2\/\",\"url\":\"https:\/\/realcounterfeitmoney.com\/product\/geklonte-kreditkarten-zum-verkauf-2\/\",\"name\":\"Geklonte Kreditkarten Zum Verkauf\",\"isPartOf\":{\"@id\":\"https:\/\/realcounterfeitmoney.com\/#website\"},\"datePublished\":\"2025-03-12T07:08:31+00:00\",\"dateModified\":\"2026-01-03T06:22:56+00:00\",\"description\":\"Geklonte Kreditkarten Zum Verkauf, Cloned Card, Kaufen Sie geklonte Kreditkarten online, Cloned Cards For Sale, Debit Card Cloning\",\"breadcrumb\":{\"@id\":\"https:\/\/realcounterfeitmoney.com\/product\/geklonte-kreditkarten-zum-verkauf-2\/#breadcrumb\"},\"inLanguage\":\"fr-FR\",\"potentialAction\":[{\"@type\":\"ReadAction\",\"target\":[\"https:\/\/realcounterfeitmoney.com\/product\/geklonte-kreditkarten-zum-verkauf-2\/\"]}]},{\"@type\":\"BreadcrumbList\",\"@id\":\"https:\/\/realcounterfeitmoney.com\/product\/geklonte-kreditkarten-zum-verkauf-2\/#breadcrumb\",\"itemListElement\":[{\"@type\":\"ListItem\",\"position\":1,\"name\":\"Home\",\"item\":\"https:\/\/realcounterfeitmoney.com\/\"},{\"@type\":\"ListItem\",\"position\":2,\"name\":\"Shop\",\"item\":\"https:\/\/realcounterfeitmoney.com\/shop\/\"},{\"@type\":\"ListItem\",\"position\":3,\"name\":\"Geklonte Kreditkarten Zum Verkauf\"}]},{\"@type\":\"WebSite\",\"@id\":\"https:\/\/realcounterfeitmoney.com\/#website\",\"url\":\"https:\/\/realcounterfeitmoney.com\/\",\"name\":\"Buy Real Counterfeit Money\",\"description\":\"\",\"publisher\":{\"@id\":\"https:\/\/realcounterfeitmoney.com\/#organization\"},\"potentialAction\":[{\"@type\":\"SearchAction\",\"target\":{\"@type\":\"EntryPoint\",\"urlTemplate\":\"https:\/\/realcounterfeitmoney.com\/?s={search_term_string}\"},\"query-input\":\"required name=search_term_string\"}],\"inLanguage\":\"fr-FR\"},{\"@type\":\"Organization\",\"@id\":\"https:\/\/realcounterfeitmoney.com\/#organization\",\"name\":\"Buy Real Counterfeit Money\",\"url\":\"https:\/\/realcounterfeitmoney.com\/\",\"logo\":{\"@type\":\"ImageObject\",\"inLanguage\":\"fr-FR\",\"@id\":\"https:\/\/realcounterfeitmoney.com\/#\/schema\/logo\/image\/\",\"url\":\"https:\/\/realcounterfeitmoney.com\/wp-content\/uploads\/2019\/06\/learn-dash-white-logo.svg\",\"contentUrl\":\"https:\/\/realcounterfeitmoney.com\/wp-content\/uploads\/2019\/06\/learn-dash-white-logo.svg\",\"caption\":\"Buy Real Counterfeit Money\"},\"image\":{\"@id\":\"https:\/\/realcounterfeitmoney.com\/#\/schema\/logo\/image\/\"}}]}<\/script>\n<!-- \/ Yoast SEO plugin. -->","yoast_head_json":{"title":"Geklonte Kreditkarten Zum Verkauf","description":"Geklonte Kreditkarten Zum Verkauf, Cloned Card, Kaufen Sie geklonte Kreditkarten online, Cloned Cards For Sale, Debit Card Cloning","robots":{"index":"index","follow":"follow","max-snippet":"max-snippet:-1","max-image-preview":"max-image-preview:large","max-video-preview":"max-video-preview:-1"},"canonical":"https:\/\/realcounterfeitmoney.com\/fr\/produit\/geklonte-kreditkarten-zum-verkauf-2\/","og_locale":"fr_FR","og_type":"article","og_title":"Geklonte Kreditkarten Zum Verkauf","og_description":"Geklonte Kreditkarten Zum Verkauf, Cloned Card, Kaufen Sie geklonte Kreditkarten online, Cloned Cards For Sale, Debit Card Cloning","og_url":"https:\/\/realcounterfeitmoney.com\/fr\/produit\/geklonte-kreditkarten-zum-verkauf-2\/","og_site_name":"Buy Real Counterfeit Money","article_modified_time":"2026-01-03T06:22:56+00:00","og_image":[{"width":1200,"height":1600,"url":"https:\/\/realcounterfeitmoney.com\/wp-content\/uploads\/2025\/03\/Buy-Cloned-Cards-Switzerland.jpg","type":"image\/jpeg"}],"twitter_card":"summary_large_image","twitter_misc":{"Dur\u00e9e de lecture estim\u00e9e":"4 minutes"},"schema":{"@context":"https:\/\/schema.org","@graph":[{"@type":"WebPage","@id":"https:\/\/realcounterfeitmoney.com\/product\/geklonte-kreditkarten-zum-verkauf-2\/","url":"https:\/\/realcounterfeitmoney.com\/product\/geklonte-kreditkarten-zum-verkauf-2\/","name":"Geklonte Kreditkarten Zum Verkauf","isPartOf":{"@id":"https:\/\/realcounterfeitmoney.com\/#website"},"datePublished":"2025-03-12T07:08:31+00:00","dateModified":"2026-01-03T06:22:56+00:00","description":"Geklonte Kreditkarten Zum Verkauf, Cloned Card, Kaufen Sie geklonte Kreditkarten online, Cloned Cards For Sale, Debit Card Cloning","breadcrumb":{"@id":"https:\/\/realcounterfeitmoney.com\/product\/geklonte-kreditkarten-zum-verkauf-2\/#breadcrumb"},"inLanguage":"fr-FR","potentialAction":[{"@type":"ReadAction","target":["https:\/\/realcounterfeitmoney.com\/product\/geklonte-kreditkarten-zum-verkauf-2\/"]}]},{"@type":"BreadcrumbList","@id":"https:\/\/realcounterfeitmoney.com\/product\/geklonte-kreditkarten-zum-verkauf-2\/#breadcrumb","itemListElement":[{"@type":"ListItem","position":1,"name":"Home","item":"https:\/\/realcounterfeitmoney.com\/"},{"@type":"ListItem","position":2,"name":"Shop","item":"https:\/\/realcounterfeitmoney.com\/shop\/"},{"@type":"ListItem","position":3,"name":"Geklonte Kreditkarten Zum Verkauf"}]},{"@type":"WebSite","@id":"https:\/\/realcounterfeitmoney.com\/#website","url":"https:\/\/realcounterfeitmoney.com\/","name":"Buy Real Counterfeit Money","description":"","publisher":{"@id":"https:\/\/realcounterfeitmoney.com\/#organization"},"potentialAction":[{"@type":"SearchAction","target":{"@type":"EntryPoint","urlTemplate":"https:\/\/realcounterfeitmoney.com\/?s={search_term_string}"},"query-input":"required name=search_term_string"}],"inLanguage":"fr-FR"},{"@type":"Organization","@id":"https:\/\/realcounterfeitmoney.com\/#organization","name":"Buy Real Counterfeit Money","url":"https:\/\/realcounterfeitmoney.com\/","logo":{"@type":"ImageObject","inLanguage":"fr-FR","@id":"https:\/\/realcounterfeitmoney.com\/#\/schema\/logo\/image\/","url":"https:\/\/realcounterfeitmoney.com\/wp-content\/uploads\/2019\/06\/learn-dash-white-logo.svg","contentUrl":"https:\/\/realcounterfeitmoney.com\/wp-content\/uploads\/2019\/06\/learn-dash-white-logo.svg","caption":"Buy Real Counterfeit Money"},"image":{"@id":"https:\/\/realcounterfeitmoney.com\/#\/schema\/logo\/image\/"}}]}},"_links":{"self":[{"href":"https:\/\/realcounterfeitmoney.com\/fr\/wp-json\/wp\/v2\/product\/25688"}],"collection":[{"href":"https:\/\/realcounterfeitmoney.com\/fr\/wp-json\/wp\/v2\/product"}],"about":[{"href":"https:\/\/realcounterfeitmoney.com\/fr\/wp-json\/wp\/v2\/types\/product"}],"replies":[{"embeddable":true,"href":"https:\/\/realcounterfeitmoney.com\/fr\/wp-json\/wp\/v2\/comments?post=25688"}],"wp:featuredmedia":[{"embeddable":true,"href":"https:\/\/realcounterfeitmoney.com\/fr\/wp-json\/wp\/v2\/media\/25680"}],"wp:attachment":[{"href":"https:\/\/realcounterfeitmoney.com\/fr\/wp-json\/wp\/v2\/media?parent=25688"}],"wp:term":[{"taxonomy":"product_cat","embeddable":true,"href":"https:\/\/realcounterfeitmoney.com\/fr\/wp-json\/wp\/v2\/product_cat?post=25688"},{"taxonomy":"product_tag","embeddable":true,"href":"https:\/\/realcounterfeitmoney.com\/fr\/wp-json\/wp\/v2\/product_tag?post=25688"}],"curies":[{"name":"wp","href":"https:\/\/api.w.org\/{rel}","templated":true}]}}